{"id":223,"date":"2024-12-06T03:01:54","date_gmt":"2024-12-06T03:01:54","guid":{"rendered":"https:\/\/legacycamp.ebmkt.me\/?page_id=223"},"modified":"2025-02-21T18:28:28","modified_gmt":"2025-02-21T18:28:28","slug":"elementor-223","status":"publish","type":"page","link":"https:\/\/legacycamp.ebmkt.me\/","title":{"rendered":"endlessfire"},"content":{"rendered":"\t\t<div data-elementor-type=\"wp-page\" data-elementor-id=\"223\" class=\"elementor elementor-223\" data-elementor-settings=\"{&quot;element_pack_global_tooltip_width&quot;:{&quot;unit&quot;:&quot;px&quot;,&quot;size&quot;:&quot;&quot;,&quot;sizes&quot;:[]},&quot;element_pack_global_tooltip_width_tablet&quot;:{&quot;unit&quot;:&quot;px&quot;,&quot;size&quot;:&quot;&quot;,&quot;sizes&quot;:[]},&quot;element_pack_global_tooltip_width_mobile&quot;:{&quot;unit&quot;:&quot;px&quot;,&quot;size&quot;:&quot;&quot;,&quot;sizes&quot;:[]},&quot;element_pack_global_tooltip_padding&quot;:{&quot;unit&quot;:&quot;px&quot;,&quot;top&quot;:&quot;&quot;,&quot;right&quot;:&quot;&quot;,&quot;bottom&quot;:&quot;&quot;,&quot;left&quot;:&quot;&quot;,&quot;isLinked&quot;:true},&quot;element_pack_global_tooltip_padding_tablet&quot;:{&quot;unit&quot;:&quot;px&quot;,&quot;top&quot;:&quot;&quot;,&quot;right&quot;:&quot;&quot;,&quot;bottom&quot;:&quot;&quot;,&quot;left&quot;:&quot;&quot;,&quot;isLinked&quot;:true},&quot;element_pack_global_tooltip_padding_mobile&quot;:{&quot;unit&quot;:&quot;px&quot;,&quot;top&quot;:&quot;&quot;,&quot;right&quot;:&quot;&quot;,&quot;bottom&quot;:&quot;&quot;,&quot;left&quot;:&quot;&quot;,&quot;isLinked&quot;:true},&quot;element_pack_global_tooltip_border_radius&quot;:{&quot;unit&quot;:&quot;px&quot;,&quot;top&quot;:&quot;&quot;,&quot;right&quot;:&quot;&quot;,&quot;bottom&quot;:&quot;&quot;,&quot;left&quot;:&quot;&quot;,&quot;isLinked&quot;:true},&quot;element_pack_global_tooltip_border_radius_tablet&quot;:{&quot;unit&quot;:&quot;px&quot;,&quot;top&quot;:&quot;&quot;,&quot;right&quot;:&quot;&quot;,&quot;bottom&quot;:&quot;&quot;,&quot;left&quot;:&quot;&quot;,&quot;isLinked&quot;:true},&quot;element_pack_global_tooltip_border_radius_mobile&quot;:{&quot;unit&quot;:&quot;px&quot;,&quot;top&quot;:&quot;&quot;,&quot;right&quot;:&quot;&quot;,&quot;bottom&quot;:&quot;&quot;,&quot;left&quot;:&quot;&quot;,&quot;isLinked&quot;:true}}\">\n\t\t\t\t<div class=\"elementor-element elementor-element-7022d61 e-con-full e-flex e-con e-parent\" data-id=\"7022d61\" data-element_type=\"container\" data-settings=\"{&quot;background_background&quot;:&quot;classic&quot;}\">\n\t\t\t\t<div class=\"elementor-element elementor-element-d30bf0d elementor-widget elementor-widget-spacer\" data-id=\"d30bf0d\" data-element_type=\"widget\" data-widget_type=\"spacer.default\">\n\t\t\t\t<div class=\"elementor-widget-container\">\n\t\t\t\t\t<div class=\"elementor-spacer\">\n\t\t\t<div class=\"elementor-spacer-inner\"><\/div>\n\t\t<\/div>\n\t\t\t\t<\/div>\n\t\t\t\t<\/div>\n\t\t\t\t<div class=\"elementor-element elementor-element-ad153e3 elementor-widget elementor-widget-image\" data-id=\"ad153e3\" data-element_type=\"widget\" data-widget_type=\"image.default\">\n\t\t\t\t<div class=\"elementor-widget-container\">\n\t\t\t\t\t\t\t\t\t\t\t\t\t<img decoding=\"async\" width=\"94\" height=\"116\" src=\"https:\/\/legacycamp.ebmkt.me\/wp-content\/uploads\/2024\/12\/logo-legacy.png\" class=\"attachment-large size-large wp-image-234\" alt=\"\" \/>\t\t\t\t\t\t\t\t\t\t\t\t\t<\/div>\n\t\t\t\t<\/div>\n\t\t\t\t<div class=\"elementor-element elementor-element-a881f4b elementor-widget elementor-widget-spacer\" data-id=\"a881f4b\" data-element_type=\"widget\" data-widget_type=\"spacer.default\">\n\t\t\t\t<div class=\"elementor-widget-container\">\n\t\t\t\t\t<div class=\"elementor-spacer\">\n\t\t\t<div class=\"elementor-spacer-inner\"><\/div>\n\t\t<\/div>\n\t\t\t\t<\/div>\n\t\t\t\t<\/div>\n\t\t\t\t<div class=\"elementor-element elementor-element-609a4db ep-parallax-effects-yes elementor-widget elementor-widget-image\" data-id=\"609a4db\" data-element_type=\"widget\" data-settings=\"{&quot;ep_parallax_effects_show&quot;:&quot;yes&quot;,&quot;ep_parallax_effects_blur&quot;:&quot;yes&quot;,&quot;ep_parallax_effects_blur_start&quot;:{&quot;unit&quot;:&quot;px&quot;,&quot;size&quot;:0,&quot;sizes&quot;:[]},&quot;ep_parallax_effects_blur_end&quot;:{&quot;unit&quot;:&quot;px&quot;,&quot;size&quot;:9,&quot;sizes&quot;:[]},&quot;ep_parallax_effects_sepia_value&quot;:{&quot;unit&quot;:&quot;px&quot;,&quot;size&quot;:39,&quot;sizes&quot;:[]},&quot;ep_parallax_effects_viewport_start&quot;:&quot;1&quot;,&quot;ep_parallax_effects_viewport_end&quot;:&quot;4&quot;,&quot;ep_parallax_effects_rotate_start&quot;:{&quot;unit&quot;:&quot;px&quot;,&quot;size&quot;:&quot;&quot;,&quot;sizes&quot;:[]},&quot;ep_parallax_effects_rotate_end&quot;:{&quot;unit&quot;:&quot;px&quot;,&quot;size&quot;:&quot;&quot;,&quot;sizes&quot;:[]},&quot;ep_parallax_effects_scale_start&quot;:{&quot;unit&quot;:&quot;px&quot;,&quot;size&quot;:1,&quot;sizes&quot;:[]},&quot;ep_parallax_effects_scale_end&quot;:{&quot;unit&quot;:&quot;px&quot;,&quot;size&quot;:1,&quot;sizes&quot;:[]},&quot;ep_parallax_effects_hue_value&quot;:{&quot;unit&quot;:&quot;px&quot;,&quot;size&quot;:&quot;&quot;,&quot;sizes&quot;:[]},&quot;ep_parallax_effects_easing_value&quot;:{&quot;unit&quot;:&quot;px&quot;,&quot;size&quot;:1,&quot;sizes&quot;:[]},&quot;ep_parallax_effects_target&quot;:&quot;self&quot;}\" data-widget_type=\"image.default\">\n\t\t\t\t<div class=\"elementor-widget-container\">\n\t\t\t\t\t\t\t\t\t\t\t\t\t<img fetchpriority=\"high\" decoding=\"async\" width=\"993\" height=\"918\" src=\"https:\/\/legacycamp.ebmkt.me\/wp-content\/uploads\/2024\/12\/logo.png\" class=\"attachment-large size-large wp-image-229\" alt=\"\" srcset=\"https:\/\/legacycamp.ebmkt.me\/wp-content\/uploads\/2024\/12\/logo.png 993w, https:\/\/legacycamp.ebmkt.me\/wp-content\/uploads\/2024\/12\/logo-300x277.png 300w, https:\/\/legacycamp.ebmkt.me\/wp-content\/uploads\/2024\/12\/logo-768x710.png 768w\" sizes=\"(max-width: 993px) 100vw, 993px\" \/>\t\t\t\t\t\t\t\t\t\t\t\t\t<\/div>\n\t\t\t\t<\/div>\n\t\t\t\t<div class=\"elementor-element elementor-element-35c3f4b elementor-widget elementor-widget-spacer\" data-id=\"35c3f4b\" data-element_type=\"widget\" data-widget_type=\"spacer.default\">\n\t\t\t\t<div class=\"elementor-widget-container\">\n\t\t\t\t\t<div class=\"elementor-spacer\">\n\t\t\t<div class=\"elementor-spacer-inner\"><\/div>\n\t\t<\/div>\n\t\t\t\t<\/div>\n\t\t\t\t<\/div>\n\t\t\t\t<div class=\"elementor-element elementor-element-4d16aa3 elementor-widget elementor-widget-heading\" data-id=\"4d16aa3\" data-element_type=\"widget\" data-widget_type=\"heading.default\">\n\t\t\t\t<div class=\"elementor-widget-container\">\n\t\t\t<h2 class=\"elementor-heading-title elementor-size-default\">countdown<\/h2>\t\t<\/div>\n\t\t\t\t<\/div>\n\t\t\t\t<div class=\"elementor-element elementor-element-7875421 bdt-countdown--align-center bdt-countdown--label-block elementor-widget elementor-widget-bdt-countdown\" data-id=\"7875421\" data-element_type=\"widget\" data-widget_type=\"bdt-countdown.default\">\n\t\t\t\t<div class=\"elementor-widget-container\">\n\t\t\t\n\n\t\t<div class=\"bdt-countdown-wrapper bdt-countdown-skin-default\" data-settings=\"{&quot;id&quot;:&quot;#bdt-countdown-7875421&quot;,&quot;msgId&quot;:&quot;#bdt-countdown-msg-7875421&quot;,&quot;adminAjaxUrl&quot;:&quot;https:\\\/\\\/legacycamp.ebmkt.me\\\/wp-admin\\\/admin-ajax.php&quot;,&quot;endActionType&quot;:&quot;none&quot;,&quot;redirectUrl&quot;:&quot;javascript:void(0);&quot;,&quot;redirectDelay&quot;:1000,&quot;finalTime&quot;:&quot;2025-04-04T03:20:00+00:00&quot;,&quot;wpCurrentTime&quot;:1775692740,&quot;endTime&quot;:1743736800,&quot;loopHours&quot;:false,&quot;isLogged&quot;:false,&quot;couponTrickyId&quot;:&quot;bdt-sf-7875421&quot;,&quot;triggerId&quot;:false}\">\n\t\t\t<div id=\"bdt-countdown-7875421-timer\" class=\"bdt-grid  bdt-child-width-1-4 bdt-child-width-1-4@s bdt-child-width-1-4@m\" data-bdt-countdown=\"date: 2025-04-04T03:20:00+00:00\" data-bdt-grid=\"\" style=\"x\">\n\t\t\t\t<div class=\"bdt-countdown-item-wrapper\"><div class=\"bdt-countdown-item bdt-days-wrapper\"><span class=\"bdt-countdown-number bdt-countdown-days bdt-text-center\"><\/span> <span class=\"bdt-countdown-label bdt-text-center\">Days<\/span><\/div><\/div><div class=\"bdt-countdown-item-wrapper\"><div class=\"bdt-countdown-item bdt-hours-wrapper\"><span class=\"bdt-countdown-number bdt-countdown-hours bdt-text-center\"><\/span> <span class=\"bdt-countdown-label bdt-text-center\">Hours<\/span><\/div><\/div><div class=\"bdt-countdown-item-wrapper\"><div class=\"bdt-countdown-item bdt-minutes-wrapper\"><span class=\"bdt-countdown-number bdt-countdown-minutes bdt-text-center\"><\/span> <span class=\"bdt-countdown-label bdt-text-center\">Min<\/span><\/div><\/div><div class=\"bdt-countdown-item-wrapper\"><div class=\"bdt-countdown-item bdt-seconds-wrapper\"><span class=\"bdt-countdown-number bdt-countdown-seconds bdt-text-center\"><\/span> <span class=\"bdt-countdown-label bdt-text-center\">Sec<\/span><\/div><\/div>\t\t\t<\/div>\n\n\t\t\t\n\t\t<\/div>\n\n\t\t\t\t<\/div>\n\t\t\t\t<\/div>\n\t\t\t\t<\/div>\n\t\t<div class=\"elementor-element elementor-element-604aefe bdt-tile-scroll-yes bdt-backdrop-filter-yes e-flex e-con-boxed e-con e-parent\" data-id=\"604aefe\" data-element_type=\"container\" data-settings=\"{&quot;background_background&quot;:&quot;classic&quot;,&quot;element_pack_tile_scroll_show&quot;:&quot;yes&quot;,&quot;element_pack_tile_scroll_elements&quot;:[{&quot;_id&quot;:&quot;7c07eac&quot;,&quot;element_pack_tile_scroll_title&quot;:&quot;Item #1&quot;,&quot;element_pack_tile_scroll_x_end&quot;:{&quot;unit&quot;:&quot;px&quot;,&quot;size&quot;:-179,&quot;sizes&quot;:[]},&quot;element_pack_tile_scroll_images&quot;:[],&quot;element_pack_tile_scroll_x_start&quot;:{&quot;unit&quot;:&quot;px&quot;,&quot;size&quot;:150,&quot;sizes&quot;:[]}}],&quot;element_pack_tile_scroll_display&quot;:&quot;horizontal&quot;}\">\n\t\t\t\t\t<div class=\"e-con-inner\">\n\t\t\t\t<div class=\"elementor-element elementor-element-3344787 elementor-widget elementor-widget-text-editor\" data-id=\"3344787\" data-element_type=\"widget\" data-widget_type=\"text-editor.default\">\n\t\t\t\t<div class=\"elementor-widget-container\">\n\t\t\t\t\t\t\t<p>o que \u00e9 o<\/p>\t\t\t\t\t\t<\/div>\n\t\t\t\t<\/div>\n\t\t\t\t<div class=\"elementor-element elementor-element-78e8bf7 elementor-widget elementor-widget-text-editor\" data-id=\"78e8bf7\" data-element_type=\"widget\" data-widget_type=\"text-editor.default\">\n\t\t\t\t<div class=\"elementor-widget-container\">\n\t\t\t\t\t\t\t<p>ENDLESS FIRE CAMP?<\/p>\t\t\t\t\t\t<\/div>\n\t\t\t\t<\/div>\n\t\t\t\t<div class=\"elementor-element elementor-element-ad8e2b9 elementor-widget elementor-widget-text-editor\" data-id=\"ad8e2b9\" data-element_type=\"widget\" data-widget_type=\"text-editor.default\">\n\t\t\t\t<div class=\"elementor-widget-container\">\n\t\t\t\t\t\t\t<p>O <strong>Endless Fire Camp 25\u2019<\/strong> \u00e9 o evento anual mais aguardado do Legacy, o grupo de jovens da Lagoinha Orlando Church. Este evento tem como prop\u00f3sito proporcionar um encontro poderoso com o Esp\u00edrito Santo, onde cada participante ser\u00e1 transformado, renovado e capacitado para viver uma vida cheia de prop\u00f3sito.<\/p><p>Em 2025, o camp acontecer\u00e1 de (4 a 6 de abril) no <strong>Realife Vero Beach<\/strong>, um local perfeito para viver momentos intensos de comunh\u00e3o, adora\u00e7\u00e3o e crescimento espiritual.<\/p>\t\t\t\t\t\t<\/div>\n\t\t\t\t<\/div>\n\t\t\t\t\t<\/div>\n\t\t\t\t<\/div>\n\t\t\t\t\t<div data-parallax-id=\"bdt_scene33258a7\" id=\"bdt_scene33258a7\" class=\"parallax-scene\" data-hover-only=\"true\">\n\t\t\t\t\n\t\t\t\t\t\n\t\t\t\t\t<div data-depth=\"0.1\" class=\"bdt-scene-item\" style=\"background-position-x: 50%; background-position-y: 50%; background-size: cover; background-image: url(https:\/\/legacycamp.ebmkt.me\/wp-content\/uploads\/2024\/12\/BG02.jpg);\"><\/div>\n\n\t\t\t\t\t\t\t<\/div>\n\n\t\t\t<div class=\"has-bdt-parallax elementor-element elementor-element-33258a7 e-con-full bdt-backdrop-filter-yes e-flex e-con e-parent\" data-id=\"33258a7\" data-element_type=\"container\" data-settings=\"{&quot;background_background&quot;:&quot;classic&quot;}\">\n\t\t\t\t<div class=\"elementor-element elementor-element-ebfab8e elementor-widget elementor-widget-bdt-advanced-heading\" data-id=\"ebfab8e\" data-element_type=\"widget\" data-widget_type=\"bdt-advanced-heading.default\">\n\t\t\t\t<div class=\"elementor-widget-container\">\n\t\t\t<div id=\"ebfab8e\" class=\"bdt-ep-advanced-heading\" data-settings=\"{&quot;titleMultiColor&quot;:&quot;no&quot;}\">\t\t\t<div class=\"bdt-ep-advanced-heading-sub-title\">\n\t\t\t\t<div class=\"bdt-ep-advanced-heading-sub-title-content\">\n\t\t\t\t\t\t\t\t\t\tActs 2:4 \t\t\t\t\t\t\t\t\t<\/div>\n\t\t\t\t\t\t\t<\/div>\n\t\t\t<h2 class=\"bdt-ep-advanced-heading-title\"><span class=\"bdt-ep-advanced-heading-main-title\"><span class=\"bdt-ep-advanced-heading-main-title-inner\">\u201cAll of them were filled with the Holy Spirit and began to speak in other tongues[a] as the Spirit enabled them.\u201d<\/span><\/span><\/h2><\/div>\t\t<\/div>\n\t\t\t\t<\/div>\n\t\t\t\t<\/div>\n\t\t<div class=\"elementor-element elementor-element-d1bcf68 e-flex e-con-boxed e-con e-parent\" data-id=\"d1bcf68\" data-element_type=\"container\" data-settings=\"{&quot;background_background&quot;:&quot;classic&quot;}\">\n\t\t\t\t\t<div class=\"e-con-inner\">\n\t\t\t\t<div class=\"elementor-element elementor-element-ed1b7c5 elementor-widget elementor-widget-text-editor\" data-id=\"ed1b7c5\" data-element_type=\"widget\" data-widget_type=\"text-editor.default\">\n\t\t\t\t<div class=\"elementor-widget-container\">\n\t\t\t\t\t\t\t<p>data e\u00a0<\/p>\t\t\t\t\t\t<\/div>\n\t\t\t\t<\/div>\n\t\t\t\t<div class=\"elementor-element elementor-element-b289357 elementor-widget elementor-widget-text-editor\" data-id=\"b289357\" data-element_type=\"widget\" data-widget_type=\"text-editor.default\">\n\t\t\t\t<div class=\"elementor-widget-container\">\n\t\t\t\t\t\t\t<p>LOCAL<\/p>\t\t\t\t\t\t<\/div>\n\t\t\t\t<\/div>\n\t\t\t\t<div class=\"elementor-element elementor-element-7a3818a elementor-widget elementor-widget-text-editor\" data-id=\"7a3818a\" data-element_type=\"widget\" data-widget_type=\"text-editor.default\">\n\t\t\t\t<div class=\"elementor-widget-container\">\n\t\t\t\t\t\t\t<p><strong>Data:<\/strong> 4 a 6 de abril de 2025\u00a0<br \/><strong>Local:<\/strong> Realife Vero Beach <br \/><strong>P\u00fablico:<\/strong> Para maiores de 19 anos.<\/p>\t\t\t\t\t\t<\/div>\n\t\t\t\t<\/div>\n\t\t\t\t\t<\/div>\n\t\t\t\t<\/div>\n\t\t<div class=\"elementor-element elementor-element-961d79f e-flex e-con-boxed e-con e-parent\" data-id=\"961d79f\" data-element_type=\"container\" data-settings=\"{&quot;background_background&quot;:&quot;classic&quot;}\">\n\t\t\t\t\t<div class=\"e-con-inner\">\n\t\t\t\t<div class=\"elementor-element elementor-element-5914e8b elementor-widget elementor-widget-heading\" data-id=\"5914e8b\" data-element_type=\"widget\" data-widget_type=\"heading.default\">\n\t\t\t\t<div class=\"elementor-widget-container\">\n\t\t\t<h2 class=\"elementor-heading-title elementor-size-default\">Garanta j\u00e1 sua vaga e n\u00e3o perca a chance de viver esse momento incr\u00edvel com Deus e com a galera do Legacy. \n<br><br>\n<b>Vagas limitadas!<\/b><\/h2>\t\t<\/div>\n\t\t\t\t<\/div>\n\t\t\t\t<div class=\"elementor-element elementor-element-504c3ea elementor-widget elementor-widget-spacer\" data-id=\"504c3ea\" data-element_type=\"widget\" data-widget_type=\"spacer.default\">\n\t\t\t\t<div class=\"elementor-widget-container\">\n\t\t\t\t\t<div class=\"elementor-spacer\">\n\t\t\t<div class=\"elementor-spacer-inner\"><\/div>\n\t\t<\/div>\n\t\t\t\t<\/div>\n\t\t\t\t<\/div>\n\t\t\t\t<div class=\"elementor-element elementor-element-5ffba4f elementor-mobile-align-center elementor-align-center elementor-widget elementor-widget-bdt-advanced-button\" data-id=\"5ffba4f\" data-element_type=\"widget\" data-widget_type=\"bdt-advanced-button.default\">\n\t\t\t\t<div class=\"elementor-widget-container\">\n\t\t\t\t\t<div class=\"bdt-ep-button-wrapper\">\n\t\t\t<a href=\"https:\/\/forms.gle\/opVLmjDT5WX9r4um8\" class=\"bdt-ep-attention-button bdt-ep-button bdt-ep-button-effect-b bdt-ep-button-size-lg elementor-animation-pulse\">\n\t\t\t\t\t\t<div class=\"bdt-ep-button-content-wrapper bdt-flex bdt-flex-middle bdt-flex-center  \" data-text=\"QUERO GARANTIR MINHA VAGA\">\n\t\t\t\n\t\t\t<div class=\"bdt-ep-button-text\">\n\n\t\t\t\t<span class=\"avdbtn-text\">\n\t\t\t\t\tQUERO GARANTIR MINHA VAGA\t\t\t\t<\/span>\n\n\t\t\t\t\t\t\t<\/div>\n\n\t\t\t\n\t\t<\/div>\n\t\t\t\t\t<\/a>\n\t\t<\/div>\n\t\t\t\t<\/div>\n\t\t\t\t<\/div>\n\t\t\t\t\t<\/div>\n\t\t\t\t<\/div>\n\t\t<div class=\"elementor-element elementor-element-8256986 e-flex e-con-boxed e-con e-parent\" data-id=\"8256986\" data-element_type=\"container\" data-settings=\"{&quot;background_background&quot;:&quot;classic&quot;}\">\n\t\t\t\t\t<div class=\"e-con-inner\">\n\t\t\t\t<div class=\"elementor-element elementor-element-1e346fe elementor-widget elementor-widget-text-editor\" data-id=\"1e346fe\" data-element_type=\"widget\" data-widget_type=\"text-editor.default\">\n\t\t\t\t<div class=\"elementor-widget-container\">\n\t\t\t\t\t\t\t<p style=\"text-align: center;\">Se voc\u00ea tem alguma d\u00favida sobre o evento, entre em contato conosco atrav\u00e9s do <strong>legacy.orlando22@gmail.com <\/strong>ou pelo telefone <strong>+1 (689) 253-9009<\/strong>. Estamos \u00e0 disposi\u00e7\u00e3o para te ajudar a ter a melhor experi\u00eancia no <strong>Endless Fire Camp 25<\/strong>.<\/p>\t\t\t\t\t\t<\/div>\n\t\t\t\t<\/div>\n\t\t\t\t\t<\/div>\n\t\t\t\t<\/div>\n\t\t<div class=\"elementor-element elementor-element-7a80e5d e-con-full elementor-hidden-desktop elementor-hidden-tablet e-flex e-con e-parent\" data-id=\"7a80e5d\" data-element_type=\"container\" data-settings=\"{&quot;background_background&quot;:&quot;classic&quot;}\">\n\t\t\t\t<div class=\"elementor-element elementor-element-323ae88 elementor-widget elementor-widget-bdt-fancy-icons\" data-id=\"323ae88\" data-element_type=\"widget\" data-widget_type=\"bdt-fancy-icons.default\">\n\t\t\t\t<div class=\"elementor-widget-container\">\n\t\t\t        <div class=\"bdt-fancy-icons\" style=\"background-image: url(https:\/\/legacycamp.ebmkt.me\/wp-content\/uploads\/2024\/12\/BG01.jpg); background-attachment:inherit)\">\n\n            <div class=\"bdt-fancy-icons-background\">\n                            <\/div>\n\n            <div class=\"bdt-grid bdt-grid-collapse bdt-child-width-1-1 bdt-child-width-1-2@s bdt-child-width-1-2@l\" data-bdt-grid>\n\n                                    <div class=\"bdt-fancy-icons-item bdt-flex bdt-flex-middle bdt-flex-center elementor-repeater-item-441f113\">\n                        <a class=\"icon\" href=\"http:\/\/instagram.com\/legacy.orlando\">\n\n                                                            <span class=\"bdt-icon-wrapper\">\n                                    \n                                        <svg aria-hidden=\"true\" class=\"e-font-icon-svg e-fab-instagram\" viewBox=\"0 0 448 512\" xmlns=\"http:\/\/www.w3.org\/2000\/svg\"><path d=\"M224.1 141c-63.6 0-114.9 51.3-114.9 114.9s51.3 114.9 114.9 114.9S339 319.5 339 255.9 287.7 141 224.1 141zm0 189.6c-41.1 0-74.7-33.5-74.7-74.7s33.5-74.7 74.7-74.7 74.7 33.5 74.7 74.7-33.6 74.7-74.7 74.7zm146.4-194.3c0 14.9-12 26.8-26.8 26.8-14.9 0-26.8-12-26.8-26.8s12-26.8 26.8-26.8 26.8 12 26.8 26.8zm76.1 27.2c-1.7-35.9-9.9-67.7-36.2-93.9-26.2-26.2-58-34.4-93.9-36.2-37-2.1-147.9-2.1-184.9 0-35.8 1.7-67.6 9.9-93.9 36.1s-34.4 58-36.2 93.9c-2.1 37-2.1 147.9 0 184.9 1.7 35.9 9.9 67.7 36.2 93.9s58 34.4 93.9 36.2c37 2.1 147.9 2.1 184.9 0 35.9-1.7 67.7-9.9 93.9-36.2 26.2-26.2 34.4-58 36.2-93.9 2.1-37 2.1-147.8 0-184.8zM398.8 388c-7.8 19.6-22.9 34.7-42.6 42.6-29.5 11.7-99.5 9-132.1 9s-102.7 2.6-132.1-9c-19.6-7.8-34.7-22.9-42.6-42.6-11.7-29.5-9-99.5-9-132.1s-2.6-102.7 9-132.1c7.8-19.6 22.9-34.7 42.6-42.6 29.5-11.7 99.5-9 132.1-9s102.7-2.6 132.1 9c19.6 7.8 34.7 22.9 42.6 42.6 11.7 29.5 9 99.5 9 132.1s2.7 102.7-9 132.1z\"><\/path><\/svg>\n                                                                    <\/span>\n                            \n                        <\/a>\n\n                    <\/div>\n                \n            <\/div>\n\n        <\/div>\n\t\t<\/div>\n\t\t\t\t<\/div>\n\t\t\t\t<div class=\"elementor-element elementor-element-21219a5 elementor-widget elementor-widget-spacer\" data-id=\"21219a5\" data-element_type=\"widget\" data-widget_type=\"spacer.default\">\n\t\t\t\t<div class=\"elementor-widget-container\">\n\t\t\t\t\t<div class=\"elementor-spacer\">\n\t\t\t<div class=\"elementor-spacer-inner\"><\/div>\n\t\t<\/div>\n\t\t\t\t<\/div>\n\t\t\t\t<\/div>\n\t\t\t\t<\/div>\n\t\t\t\t<\/div>\n\t\t","protected":false},"excerpt":{"rendered":"<p>countdown Days Hours Min Sec o que \u00e9 o ENDLESS FIRE CAMP? O Endless Fire Camp 25\u2019 \u00e9 o evento anual mais aguardado do Legacy, o grupo de jovens da Lagoinha Orlando Church. Este evento tem como prop\u00f3sito proporcionar um encontro poderoso com o Esp\u00edrito Santo, onde cada participante ser\u00e1 transformado, renovado e capacitado para [&hellip;]<\/p>\n","protected":false},"author":1,"featured_media":0,"parent":0,"menu_order":0,"comment_status":"closed","ping_status":"closed","template":"elementor_canvas","meta":{"footnotes":""},"class_list":["post-223","page","type-page","status-publish","hentry"],"_links":{"self":[{"href":"https:\/\/legacycamp.ebmkt.me\/index.php?rest_route=\/wp\/v2\/pages\/223","targetHints":{"allow":["GET"]}}],"collection":[{"href":"https:\/\/legacycamp.ebmkt.me\/index.php?rest_route=\/wp\/v2\/pages"}],"about":[{"href":"https:\/\/legacycamp.ebmkt.me\/index.php?rest_route=\/wp\/v2\/types\/page"}],"author":[{"embeddable":true,"href":"https:\/\/legacycamp.ebmkt.me\/index.php?rest_route=\/wp\/v2\/users\/1"}],"replies":[{"embeddable":true,"href":"https:\/\/legacycamp.ebmkt.me\/index.php?rest_route=%2Fwp%2Fv2%2Fcomments&post=223"}],"version-history":[{"count":178,"href":"https:\/\/legacycamp.ebmkt.me\/index.php?rest_route=\/wp\/v2\/pages\/223\/revisions"}],"predecessor-version":[{"id":426,"href":"https:\/\/legacycamp.ebmkt.me\/index.php?rest_route=\/wp\/v2\/pages\/223\/revisions\/426"}],"wp:attachment":[{"href":"https:\/\/legacycamp.ebmkt.me\/index.php?rest_route=%2Fwp%2Fv2%2Fmedia&parent=223"}],"curies":[{"name":"wp","href":"https:\/\/api.w.org\/{rel}","templated":true}]}}